{"id":19,"date":"2020-01-02T13:49:13","date_gmt":"2020-01-02T10:49:13","guid":{"rendered":"http:\/\/demo.safirtema.com\/maya\/?page_id=19"},"modified":"2026-02-02T11:47:50","modified_gmt":"2026-02-02T08:47:50","slug":"hakkimizda","status":"publish","type":"page","link":"https:\/\/bingolosb.org.tr\/?page_id=19","title":{"rendered":"Hakk\u0131m\u0131zda"},"content":{"rendered":"\n<p>Hakk\u0131m\u0131zda<\/p>\n\n\n\n<p><strong>Bing\u00f6l<\/strong>; co\u011frafi konumu itibariyle, Do\u011fu Anadolu B\u00f6lgesini bat\u0131ya ba\u011flayan yollar\u0131n kav\u015fak noktas\u0131nda bulunmaktad\u0131r. &nbsp;\u0130li,&nbsp;&nbsp;<strong>do\u011fuda Mu\u015f, kuzeyde Erzincan ve Erzurum, bat\u0131da Tunceli ve Elaz\u0131\u011f, g\u00fcneyde ise Diyarbak\u0131r<\/strong>&nbsp;ili ile kom\u015fudur. TRBI B\u00f6lgesi i\u00e7erisinde yer alan Bing\u00f6l, Malatya, Elaz\u0131\u011f ve Tunceli illeri ile birlikte Diyarbak\u0131r da dikkate al\u0131nd\u0131\u011f\u0131nda bu illerin ortas\u0131nda yer almaktad\u0131r. Bing\u00f6l \u0130li, Do\u011fu Anadolu B\u00f6lgesi\u2019nin kav\u015fak noktas\u0131 konumundad\u0131r. Bing\u00f6l T\u00fcrkiye\u2019nin d\u00f6rt bir yan\u0131na ana &nbsp;karayollar\u0131yla ba\u011fl\u0131 olup, ayr\u0131ca demiryolu (OSB den 10 km uzakl\u0131ktad\u0131r) ve havayolu ula\u015f\u0131m\u0131na da sahiptir. Bu jeopolitik konum Organize Sanayi b\u00f6lgemizin \u00f6nemini bir kat daha art\u0131rmaktad\u0131r.<\/p>\n\n\n\n<p><strong>V\u0130ZYONUMUZ<\/strong><\/p>\n\n\n\n<p>Altyap\u0131s\u0131n\u0131 eksiksiz \u015fekilde tamamlam\u0131\u015f; sundu\u011fu hizmetleri kalite, verimlilik ve kurumsal de\u011ferler do\u011frultusunda s\u00fcrd\u00fcren; hayata ge\u00e7irdi\u011fi \u00e7al\u0131\u015fmalarla b\u00f6lge sanayicisine katma de\u011fer sa\u011flayan ve yeni ufuklar a\u00e7an \u00f6nc\u00fc bir sanayi b\u00f6lgesi olmakt\u0131r.<\/p>\n\n\n\n<p><strong>M\u0130SYONUMUZ<\/strong><\/p>\n\n\n\n<p>4562 Say\u0131l\u0131 Organize Sanayi B\u00f6lgeleri Kanunu ve ilgili y\u00f6netmenlikler kapsam\u0131nda, Bing\u00f6l Organize Sanayi B\u00f6lgesinde faaliyet y\u00fcr\u00fcten Sanayi i\u015fletmelerinin belli bir b\u00f6lgede toplanmas\u0131n\u0131 sa\u011flanarak, yat\u0131r\u0131mc\u0131lar i\u00e7in gerekli altyap\u0131 ve \u00fcstyap\u0131lar\u0131 meydana getirmek, kaliteli-h\u0131zl\u0131-g\u00fcvenilir-kesintisiz hizmeti \u00e7evre ve halk sa\u011fl\u0131\u011f\u0131n\u0131 da g\u00f6zeterek temin etmek, sanayicilerimizin s\u00fcrd\u00fcr\u00fclebilir rekabet\u00e7ilik g\u00fc\u00e7lerinin art\u0131r\u0131lmas\u0131 i\u00e7in gerekli habitat\u0131 olu\u015fturmak ve b\u00f6lgemizdeki i\u015f hacmi ve istihdam\u0131n art\u0131r\u0131larak \u00fclke ekonomisine katk\u0131 sa\u011flamakt\u0131r.<\/p>\n","protected":false},"excerpt":{"rendered":"<p>Hakk\u0131m\u0131zda Bing\u00f6l; co\u011frafi konumu itibariyle, Do\u011fu Anadolu B\u00f6lgesini bat\u0131ya ba\u011flayan yollar\u0131n kav\u015fak noktas\u0131nda bulunmaktad\u0131r. &nbsp;\u0130li,&nbsp;&nbsp;do\u011fuda Mu\u015f, kuzeyde Erzincan ve Erzurum, bat\u0131da Tunceli ve Elaz\u0131\u011f, g\u00fcneyde ise Diyarbak\u0131r&nbsp;ili ile kom\u015fudur. TRBI B\u00f6lgesi i\u00e7erisinde yer alan Bing\u00f6l, Malatya, Elaz\u0131\u011f ve Tunceli illeri ile birlikte Diyarbak\u0131r da dikkate al\u0131nd\u0131\u011f\u0131nda bu illerin ortas\u0131nda yer almaktad\u0131r. Bing\u00f6l \u0130li, Do\u011fu Anadolu [&hellip;]<\/p>\n","protected":false},"author":1,"featured_media":0,"parent":0,"menu_order":0,"comment_status":"closed","ping_status":"closed","template":"","meta":[],"aioseo_notices":[],"_links":{"self":[{"href":"https:\/\/bingolosb.org.tr\/index.php?rest_route=\/wp\/v2\/pages\/19"}],"collection":[{"href":"https:\/\/bingolosb.org.tr\/index.php?rest_route=\/wp\/v2\/pages"}],"about":[{"href":"https:\/\/bingolosb.org.tr\/index.php?rest_route=\/wp\/v2\/types\/page"}],"author":[{"embeddable":true,"href":"https:\/\/bingolosb.org.tr\/index.php?rest_route=\/wp\/v2\/users\/1"}],"replies":[{"embeddable":true,"href":"https:\/\/bingolosb.org.tr\/index.php?rest_route=%2Fwp%2Fv2%2Fcomments&post=19"}],"version-history":[{"count":11,"href":"https:\/\/bingolosb.org.tr\/index.php?rest_route=\/wp\/v2\/pages\/19\/revisions"}],"predecessor-version":[{"id":1895,"href":"https:\/\/bingolosb.org.tr\/index.php?rest_route=\/wp\/v2\/pages\/19\/revisions\/1895"}],"wp:attachment":[{"href":"https:\/\/bingolosb.org.tr\/index.php?rest_route=%2Fwp%2Fv2%2Fmedia&parent=19"}],"curies":[{"name":"wp","href":"https:\/\/api.w.org\/{rel}","templated":true}]}}