{"id":331,"date":"2023-02-15T23:43:06","date_gmt":"2023-02-15T20:43:06","guid":{"rendered":"https:\/\/bingolosb.org.tr\/wp\/?page_id=331"},"modified":"2026-01-30T15:59:41","modified_gmt":"2026-01-30T12:59:41","slug":"yonetim-kurulu","status":"publish","type":"page","link":"https:\/\/bingolosb.org.tr\/?page_id=331","title":{"rendered":"Y\u00f6netim Kurulu"},"content":{"rendered":"\n<figure class=\"wp-block-table\"><table><tbody><tr><td><strong>Y\u00d6NET\u0130M KURULU<\/strong> <strong>ASIL \u00dcYELER<\/strong><\/td><\/tr><tr><td>1- Cahit \u00c7EL\u0130K (B\u015fk.)<\/td><\/tr><tr><td>2- Erdal ARIKAN (B\u015fk. Vek.)<\/td><\/tr><tr><td>3-&nbsp; Enes \u00dc\u00c7G\u00dcL<\/td><\/tr><tr><td>4-&nbsp; Kadir \u00c7\u0130NTAY<\/td><\/tr><tr><td>5-&nbsp; Yakup KARAG\u00d6Z<\/td><\/tr><\/tbody><\/table><\/figure>\n","protected":false},"excerpt":{"rendered":"<p>Y\u00d6NET\u0130M KURULU ASIL \u00dcYELER 1- Cahit \u00c7EL\u0130K (B\u015fk.) 2- Erdal ARIKAN (B\u015fk. Vek.) 3-&nbsp; Enes \u00dc\u00c7G\u00dcL 4-&nbsp; Kadir \u00c7\u0130NTAY 5-&nbsp; Yakup KARAG\u00d6Z<\/p>\n","protected":false},"author":1,"featured_media":0,"parent":0,"menu_order":0,"comment_status":"closed","ping_status":"closed","template":"","meta":[],"aioseo_notices":[],"_links":{"self":[{"href":"https:\/\/bingolosb.org.tr\/index.php?rest_route=\/wp\/v2\/pages\/331"}],"collection":[{"href":"https:\/\/bingolosb.org.tr\/index.php?rest_route=\/wp\/v2\/pages"}],"about":[{"href":"https:\/\/bingolosb.org.tr\/index.php?rest_route=\/wp\/v2\/types\/page"}],"author":[{"embeddable":true,"href":"https:\/\/bingolosb.org.tr\/index.php?rest_route=\/wp\/v2\/users\/1"}],"replies":[{"embeddable":true,"href":"https:\/\/bingolosb.org.tr\/index.php?rest_route=%2Fwp%2Fv2%2Fcomments&post=331"}],"version-history":[{"count":7,"href":"https:\/\/bingolosb.org.tr\/index.php?rest_route=\/wp\/v2\/pages\/331\/revisions"}],"predecessor-version":[{"id":1877,"href":"https:\/\/bingolosb.org.tr\/index.php?rest_route=\/wp\/v2\/pages\/331\/revisions\/1877"}],"wp:attachment":[{"href":"https:\/\/bingolosb.org.tr\/index.php?rest_route=%2Fwp%2Fv2%2Fmedia&parent=331"}],"curies":[{"name":"wp","href":"https:\/\/api.w.org\/{rel}","templated":true}]}}