{"id":353,"date":"2023-02-15T23:52:25","date_gmt":"2023-02-15T20:52:25","guid":{"rendered":"https:\/\/bingolosb.org.tr\/wp\/?page_id=353"},"modified":"2023-03-16T14:54:34","modified_gmt":"2023-03-16T11:54:34","slug":"istirakler","status":"publish","type":"page","link":"https:\/\/bingolosb.org.tr\/?page_id=353","title":{"rendered":"\u0130\u015ftirakler"},"content":{"rendered":"\n<figure class=\"wp-block-table\"><table><tbody><tr><td>KURUCU\/KATILIMCI ORTAKLAR<\/td><td>KATILIM PAYI ORANLARI<\/td><td>M\u00dcTE\u015eEBB\u0130S HEYETTE TEMS\u0130L ED\u0130LECEK \u00dcYE SAYISI<\/td><\/tr><tr><td>Bing\u00f6l \u0130l \u00d6zel \u0130daresi<\/td><td>% 40<\/td><td>2 (\u0130ki)<\/td><\/tr><tr><td>Bing\u00f6l Belediyesi<\/td><td>% 54<\/td><td>3 (\u00dc\u00e7)<\/td><\/tr><tr><td>Bing\u00f6l Tic ve San. Odas\u0131<\/td><td>% 6<\/td><td>1 (Bir)<\/td><\/tr><tr><td>BOSB Kat\u0131l\u0131mc\u0131 Firmalar\u0131<\/td><td>&nbsp;<\/td><td>9 (Dokuz)<\/td><\/tr><tr><td>Toplam<\/td><td>% 100<\/td><td>15 ki\u015fi<\/td><\/tr><\/tbody><\/table><\/figure>\n","protected":false},"excerpt":{"rendered":"<p>KURUCU\/KATILIMCI ORTAKLAR KATILIM PAYI ORANLARI M\u00dcTE\u015eEBB\u0130S HEYETTE TEMS\u0130L ED\u0130LECEK \u00dcYE SAYISI Bing\u00f6l \u0130l \u00d6zel \u0130daresi % 40 2 (\u0130ki) Bing\u00f6l Belediyesi % 54 3 (\u00dc\u00e7) Bing\u00f6l Tic ve San. Odas\u0131 % 6 1 (Bir) BOSB Kat\u0131l\u0131mc\u0131 Firmalar\u0131 &nbsp; 9 (Dokuz) Toplam % 100 15 ki\u015fi<\/p>\n","protected":false},"author":1,"featured_media":0,"parent":0,"menu_order":0,"comment_status":"closed","ping_status":"closed","template":"","meta":[],"aioseo_notices":[],"_links":{"self":[{"href":"https:\/\/bingolosb.org.tr\/index.php?rest_route=\/wp\/v2\/pages\/353"}],"collection":[{"href":"https:\/\/bingolosb.org.tr\/index.php?rest_route=\/wp\/v2\/pages"}],"about":[{"href":"https:\/\/bingolosb.org.tr\/index.php?rest_route=\/wp\/v2\/types\/page"}],"author":[{"embeddable":true,"href":"https:\/\/bingolosb.org.tr\/index.php?rest_route=\/wp\/v2\/users\/1"}],"replies":[{"embeddable":true,"href":"https:\/\/bingolosb.org.tr\/index.php?rest_route=%2Fwp%2Fv2%2Fcomments&post=353"}],"version-history":[{"count":2,"href":"https:\/\/bingolosb.org.tr\/index.php?rest_route=\/wp\/v2\/pages\/353\/revisions"}],"predecessor-version":[{"id":803,"href":"https:\/\/bingolosb.org.tr\/index.php?rest_route=\/wp\/v2\/pages\/353\/revisions\/803"}],"wp:attachment":[{"href":"https:\/\/bingolosb.org.tr\/index.php?rest_route=%2Fwp%2Fv2%2Fmedia&parent=353"}],"curies":[{"name":"wp","href":"https:\/\/api.w.org\/{rel}","templated":true}]}}