{"id":360,"date":"2023-02-15T23:53:50","date_gmt":"2023-02-15T20:53:50","guid":{"rendered":"https:\/\/bingolosb.org.tr\/wp\/?page_id=360"},"modified":"2023-03-16T14:56:45","modified_gmt":"2023-03-16T11:56:45","slug":"teskilat-yapisi","status":"publish","type":"page","link":"https:\/\/bingolosb.org.tr\/?page_id=360","title":{"rendered":"Te\u015fkilat Yap\u0131s\u0131"},"content":{"rendered":"\n<div class=\"wp-block-file\"><object class=\"wp-block-file__embed\" data=\"https:\/\/bingolosb.org.tr\/wp-content\/uploads\/2023\/03\/TESKILAT-YAPISI.pdf\" type=\"application\/pdf\" style=\"width:100%;height:600px\" aria-label=\"TESKILAT-YAPISI g\u00f6m\u00fcs\u00fc.\"><\/object><a id=\"wp-block-file--media-c1b5704f-2859-439f-ab3f-fbdbcee30c23\" href=\"https:\/\/bingolosb.org.tr\/wp-content\/uploads\/2023\/03\/TESKILAT-YAPISI.pdf\">TESKILAT-YAPISI<\/a><a href=\"https:\/\/bingolosb.org.tr\/wp-content\/uploads\/2023\/03\/TESKILAT-YAPISI.pdf\" class=\"wp-block-file__button wp-element-button\" download aria-describedby=\"wp-block-file--media-c1b5704f-2859-439f-ab3f-fbdbcee30c23\">\u0130ndir<\/a><\/div>\n","protected":false},"excerpt":{"rendered":"","protected":false},"author":1,"featured_media":0,"parent":0,"menu_order":0,"comment_status":"closed","ping_status":"closed","template":"","meta":[],"aioseo_notices":[],"_links":{"self":[{"href":"https:\/\/bingolosb.org.tr\/index.php?rest_route=\/wp\/v2\/pages\/360"}],"collection":[{"href":"https:\/\/bingolosb.org.tr\/index.php?rest_route=\/wp\/v2\/pages"}],"about":[{"href":"https:\/\/bingolosb.org.tr\/index.php?rest_route=\/wp\/v2\/types\/page"}],"author":[{"embeddable":true,"href":"https:\/\/bingolosb.org.tr\/index.php?rest_route=\/wp\/v2\/users\/1"}],"replies":[{"embeddable":true,"href":"https:\/\/bingolosb.org.tr\/index.php?rest_route=%2Fwp%2Fv2%2Fcomments&post=360"}],"version-history":[{"count":3,"href":"https:\/\/bingolosb.org.tr\/index.php?rest_route=\/wp\/v2\/pages\/360\/revisions"}],"predecessor-version":[{"id":806,"href":"https:\/\/bingolosb.org.tr\/index.php?rest_route=\/wp\/v2\/pages\/360\/revisions\/806"}],"wp:attachment":[{"href":"https:\/\/bingolosb.org.tr\/index.php?rest_route=%2Fwp%2Fv2%2Fmedia&parent=360"}],"curies":[{"name":"wp","href":"https:\/\/api.w.org\/{rel}","templated":true}]}}