{"id":367,"date":"2023-02-15T23:56:08","date_gmt":"2023-02-15T20:56:08","guid":{"rendered":"https:\/\/bingolosb.org.tr\/wp\/?page_id=367"},"modified":"2023-03-16T14:38:01","modified_gmt":"2023-03-16T11:38:01","slug":"analiz-raporlari","status":"publish","type":"page","link":"https:\/\/bingolosb.org.tr\/?page_id=367","title":{"rendered":"Analiz Raporlar\u0131"},"content":{"rendered":"\n<div class=\"wp-block-file\"><object class=\"wp-block-file__embed\" data=\"https:\/\/bingolosb.org.tr\/wp-content\/uploads\/2023\/03\/Su-Analiz-Raporu.pdf\" type=\"application\/pdf\" style=\"width:100%;height:600px\" aria-label=\"Su-Analiz-Raporu g\u00f6m\u00fcs\u00fc.\"><\/object><a id=\"wp-block-file--media-3560f56a-fbb6-429e-bd8a-7018e3e90424\" href=\"https:\/\/bingolosb.org.tr\/wp-content\/uploads\/2023\/03\/Su-Analiz-Raporu.pdf\">Su-Analiz-Raporu<\/a><a href=\"https:\/\/bingolosb.org.tr\/wp-content\/uploads\/2023\/03\/Su-Analiz-Raporu.pdf\" class=\"wp-block-file__button wp-element-button\" download aria-describedby=\"wp-block-file--media-3560f56a-fbb6-429e-bd8a-7018e3e90424\">\u0130ndir<\/a><\/div>\n","protected":false},"excerpt":{"rendered":"","protected":false},"author":1,"featured_media":0,"parent":0,"menu_order":0,"comment_status":"closed","ping_status":"closed","template":"","meta":[],"aioseo_notices":[],"_links":{"self":[{"href":"https:\/\/bingolosb.org.tr\/index.php?rest_route=\/wp\/v2\/pages\/367"}],"collection":[{"href":"https:\/\/bingolosb.org.tr\/index.php?rest_route=\/wp\/v2\/pages"}],"about":[{"href":"https:\/\/bingolosb.org.tr\/index.php?rest_route=\/wp\/v2\/types\/page"}],"author":[{"embeddable":true,"href":"https:\/\/bingolosb.org.tr\/index.php?rest_route=\/wp\/v2\/users\/1"}],"replies":[{"embeddable":true,"href":"https:\/\/bingolosb.org.tr\/index.php?rest_route=%2Fwp%2Fv2%2Fcomments&post=367"}],"version-history":[{"count":3,"href":"https:\/\/bingolosb.org.tr\/index.php?rest_route=\/wp\/v2\/pages\/367\/revisions"}],"predecessor-version":[{"id":802,"href":"https:\/\/bingolosb.org.tr\/index.php?rest_route=\/wp\/v2\/pages\/367\/revisions\/802"}],"wp:attachment":[{"href":"https:\/\/bingolosb.org.tr\/index.php?rest_route=%2Fwp%2Fv2%2Fmedia&parent=367"}],"curies":[{"name":"wp","href":"https:\/\/api.w.org\/{rel}","templated":true}]}}