{"id":387,"date":"2023-02-16T00:08:31","date_gmt":"2023-02-15T21:08:31","guid":{"rendered":"https:\/\/bingolosb.org.tr\/wp\/?page_id=387"},"modified":"2026-01-30T16:05:51","modified_gmt":"2026-01-30T13:05:51","slug":"2026-hizmet-bedelleri","status":"publish","type":"page","link":"https:\/\/bingolosb.org.tr\/?page_id=387","title":{"rendered":"2026 Hizmet Bedelleri"},"content":{"rendered":"\n<figure class=\"wp-block-table\"><table><tbody><tr><td><strong>NO<\/strong><\/td><td><strong>Hizmet Kalemi<\/strong><\/td><td><strong>2026 Fiyat\u0131<\/strong><\/td><\/tr><tr><td><strong>1<\/strong><\/td><td>Y\u00f6netim Hizmet Aidat Bedeli<\/td><td>0,42 TL\/(m\u00b2)<\/td><\/tr><tr><td><strong>2<\/strong><\/td><td>\u0130n\u015faat Ruhsat\u0131<\/td><td>20,00 TL\/(m2)<\/td><\/tr><tr><td><strong>3<\/strong><\/td><td>Yap\u0131 Kullan\u0131m \u0130zin Belgesi<\/td><td>20,00 TL\/(m2)<\/td><\/tr><tr><td><strong>4<\/strong><\/td><td>Yap\u0131 Ruhsat\u0131 Vizeleri<\/td><td>4.000,00 TL\/(Adet)<\/td><\/tr><tr><td><strong>5<\/strong><\/td><td>\u0130\u015f Yeri A\u00e7ma ve \u00c7al\u0131\u015ft\u0131rma Ruhsat\u0131<\/td><td>45.000,00 TL\/(Adet)<\/td><\/tr><tr><td><strong>6<\/strong><\/td><td>\u0130mar \u00c7ap\u0131<\/td><td>15.000,00 TL\/(Adet)<\/td><\/tr><tr><td><strong>7<\/strong><\/td><td>Su Hizmet Bedeli<\/td><td>18,50 TL\/(m\u00b3)<\/td><\/tr><tr><td><strong>8<\/strong><\/td><td>M2\u2019siz i\u015fler i\u00e7in \u0130\u015f deneyim Belgesi<\/td><td>25.000,00 TL<\/td><\/tr><tr><td><strong>9<\/strong><\/td><td>Arsa Bedeli K\u0131smen Bedelsiz<\/td><td>Mevcut Alan 150 TL\/m2 Geni\u015fleme Alan\u0131 500 TL\/m2<\/td><\/tr><tr><td><strong>10<\/strong><\/td><td>\u0130\u015f Deneyim Belgesi<\/td><td>12,00 TL\/(m\u00b2)<\/td><\/tr><tr><td><strong>11<\/strong><\/td><td>\u0130\u015f Deneyim Belgesi \u015eantiye \u015eefi<\/td><td>3,00 TL\/m2<br><\/td><\/tr><tr><td><strong>12<\/strong><\/td><td>Ekspertiz \u0130\u015flem Bedeli<\/td><td>5.000,00 TL\/(Adet)<\/td><\/tr><tr><td><strong>13<\/strong><\/td><td>Su Abonelik \u00dccreti<\/td><td>3.500,00 TL\/(Adet)<\/td><\/tr><tr><td><strong>14<\/strong><\/td><td>Tapu M\u00fcracaat \u00dccreti<\/td><td>50.000,00 TL\/(Adet)<\/td><\/tr><tr><td><strong>15<\/strong><\/td><td>Ges Uygunluk Yaz\u0131 Bedeli<\/td><td>35.000,00 TL\/(Adet)<\/td><\/tr><tr><td><strong>16<\/strong><\/td><td>Yap\u0131 Denetim Hizmet Bedeli \u0130lgili \u0130dare Pay\u0131<\/td><td>4708 say\u0131l\u0131 Yap\u0131 Denetim Hakk\u0131nda Kanunun 4. Maddesine g\u00f6re, yap\u0131 denetim s\u00f6zle\u015fme bedelinin %3\u2019\u00fc B\u00f6lgemize \u00f6denecektir.<\/td><\/tr><\/tbody><\/table><\/figure>\n","protected":false},"excerpt":{"rendered":"<p>NO Hizmet Kalemi 2026 Fiyat\u0131 1 Y\u00f6netim Hizmet Aidat Bedeli 0,42 TL\/(m\u00b2) 2 \u0130n\u015faat Ruhsat\u0131 20,00 TL\/(m2) 3 Yap\u0131 Kullan\u0131m \u0130zin Belgesi 20,00 TL\/(m2) 4 Yap\u0131 Ruhsat\u0131 Vizeleri 4.000,00 TL\/(Adet) 5 \u0130\u015f Yeri A\u00e7ma ve \u00c7al\u0131\u015ft\u0131rma Ruhsat\u0131 45.000,00 TL\/(Adet) 6 \u0130mar \u00c7ap\u0131 15.000,00 TL\/(Adet) 7 Su Hizmet Bedeli 18,50 TL\/(m\u00b3) 8 M2\u2019siz i\u015fler i\u00e7in \u0130\u015f [&hellip;]<\/p>\n","protected":false},"author":1,"featured_media":0,"parent":0,"menu_order":0,"comment_status":"closed","ping_status":"closed","template":"","meta":[],"aioseo_notices":[],"_links":{"self":[{"href":"https:\/\/bingolosb.org.tr\/index.php?rest_route=\/wp\/v2\/pages\/387"}],"collection":[{"href":"https:\/\/bingolosb.org.tr\/index.php?rest_route=\/wp\/v2\/pages"}],"about":[{"href":"https:\/\/bingolosb.org.tr\/index.php?rest_route=\/wp\/v2\/types\/page"}],"author":[{"embeddable":true,"href":"https:\/\/bingolosb.org.tr\/index.php?rest_route=\/wp\/v2\/users\/1"}],"replies":[{"embeddable":true,"href":"https:\/\/bingolosb.org.tr\/index.php?rest_route=%2Fwp%2Fv2%2Fcomments&post=387"}],"version-history":[{"count":3,"href":"https:\/\/bingolosb.org.tr\/index.php?rest_route=\/wp\/v2\/pages\/387\/revisions"}],"predecessor-version":[{"id":1879,"href":"https:\/\/bingolosb.org.tr\/index.php?rest_route=\/wp\/v2\/pages\/387\/revisions\/1879"}],"wp:attachment":[{"href":"https:\/\/bingolosb.org.tr\/index.php?rest_route=%2Fwp%2Fv2%2Fmedia&parent=387"}],"curies":[{"name":"wp","href":"https:\/\/api.w.org\/{rel}","templated":true}]}}