{"id":388,"date":"2023-02-16T00:08:31","date_gmt":"2023-02-15T21:08:31","guid":{"rendered":"https:\/\/bingolosb.org.tr\/wp\/?page_id=388"},"modified":"2023-03-17T14:23:50","modified_gmt":"2023-03-17T11:23:50","slug":"isyeri-acma-ve-calisma-ruhsati-islemleri","status":"publish","type":"page","link":"https:\/\/bingolosb.org.tr\/?page_id=388","title":{"rendered":"\u0130\u015fyeri A\u00e7ma ve \u00c7al\u0131\u015fma Ruhsat\u0131 \u0130\u015flemleri"},"content":{"rendered":"\n<p>\u0130STENEN EVRAKLAR<\/p>\n\n\n\n<p>\u0130tfaiye Raporu<\/p>\n\n\n\n<p>\u00c7et Belgesi (\u00c7evre Ve \u015eehircilik M\u00fcd\u00fcrl\u00fc\u011f\u00fc)<\/p>\n\n\n\n<p>Kapasite Raporu (TSO)<\/p>\n\n\n\n<p>Oda Sicil Kay\u0131t Sureti (TSO)<\/p>\n\n\n\n<p>\u0130mza Sirk\u00fcleri<\/p>\n\n\n\n<p>\u00c7evresel Etki De\u011ferlendirme Yaz\u0131s\u0131 (\u00c7evre ve \u015eehir\u00e7ilik M\u00fcd\u00fcrl\u00fc\u011f\u00fc)<\/p>\n\n\n\n<p>Yap\u0131 Kullanma \u0130zin Belgesi (BOSB)<\/p>\n\n\n\n<p>Sanayi Sicil Belgesi (Bilim Sanayi Teknoloji \u0130l M\u00fcd\u00fcrl\u00fc\u011f\u00fc)<\/p>\n\n\n\n<p><\/p>\n\n\n\n<div class=\"wp-block-file\"><object class=\"wp-block-file__embed\" data=\"https:\/\/bingolosb.org.tr\/wp-content\/uploads\/2023\/03\/IS-YERI-ACMA-VE-CALISTIRMA-DILEKCESI-2.pdf\" type=\"application\/pdf\" style=\"width:100%;height:600px\" aria-label=\"YERI-ACMA-VE-CALISTIRMA-DILEKCESI-2 g\u00f6m\u00fcs\u00fc.\"><\/object><a id=\"wp-block-file--media-aeaf02c6-3cf1-43bb-a83f-a48a4378bea7\" href=\"https:\/\/bingolosb.org.tr\/wp-content\/uploads\/2023\/03\/IS-YERI-ACMA-VE-CALISTIRMA-DILEKCESI-2.pdf\">YERI-ACMA-VE-CALISTIRMA-DILEKCESI-2<\/a><a href=\"https:\/\/bingolosb.org.tr\/wp-content\/uploads\/2023\/03\/IS-YERI-ACMA-VE-CALISTIRMA-DILEKCESI-2.pdf\" class=\"wp-block-file__button wp-element-button\" download aria-describedby=\"wp-block-file--media-aeaf02c6-3cf1-43bb-a83f-a48a4378bea7\">\u0130ndir<\/a><\/div>\n","protected":false},"excerpt":{"rendered":"<p>\u0130STENEN EVRAKLAR \u0130tfaiye Raporu \u00c7et Belgesi (\u00c7evre Ve \u015eehircilik M\u00fcd\u00fcrl\u00fc\u011f\u00fc) Kapasite Raporu (TSO) Oda Sicil Kay\u0131t Sureti (TSO) \u0130mza Sirk\u00fcleri \u00c7evresel Etki De\u011ferlendirme Yaz\u0131s\u0131 (\u00c7evre ve \u015eehir\u00e7ilik M\u00fcd\u00fcrl\u00fc\u011f\u00fc) Yap\u0131 Kullanma \u0130zin Belgesi (BOSB) Sanayi Sicil Belgesi (Bilim Sanayi Teknoloji \u0130l M\u00fcd\u00fcrl\u00fc\u011f\u00fc)<\/p>\n","protected":false},"author":1,"featured_media":0,"parent":0,"menu_order":0,"comment_status":"closed","ping_status":"closed","template":"","meta":[],"aioseo_notices":[],"_links":{"self":[{"href":"https:\/\/bingolosb.org.tr\/index.php?rest_route=\/wp\/v2\/pages\/388"}],"collection":[{"href":"https:\/\/bingolosb.org.tr\/index.php?rest_route=\/wp\/v2\/pages"}],"about":[{"href":"https:\/\/bingolosb.org.tr\/index.php?rest_route=\/wp\/v2\/types\/page"}],"author":[{"embeddable":true,"href":"https:\/\/bingolosb.org.tr\/index.php?rest_route=\/wp\/v2\/users\/1"}],"replies":[{"embeddable":true,"href":"https:\/\/bingolosb.org.tr\/index.php?rest_route=%2Fwp%2Fv2%2Fcomments&post=388"}],"version-history":[{"count":6,"href":"https:\/\/bingolosb.org.tr\/index.php?rest_route=\/wp\/v2\/pages\/388\/revisions"}],"predecessor-version":[{"id":847,"href":"https:\/\/bingolosb.org.tr\/index.php?rest_route=\/wp\/v2\/pages\/388\/revisions\/847"}],"wp:attachment":[{"href":"https:\/\/bingolosb.org.tr\/index.php?rest_route=%2Fwp%2Fv2%2Fmedia&parent=388"}],"curies":[{"name":"wp","href":"https:\/\/api.w.org\/{rel}","templated":true}]}}