{"id":397,"date":"2023-02-16T00:09:46","date_gmt":"2023-02-15T21:09:46","guid":{"rendered":"https:\/\/bingolosb.org.tr\/wp\/?page_id=397"},"modified":"2023-03-16T14:26:21","modified_gmt":"2023-03-16T11:26:21","slug":"kiralama-sartlari","status":"publish","type":"page","link":"https:\/\/bingolosb.org.tr\/?page_id=397","title":{"rendered":"Kiralama \u015eartlar\u0131"},"content":{"rendered":"\n<p><strong>Kat\u0131l\u0131mc\u0131n\u0131n tesisini kiralama \u015fartlar\u0131<\/strong><\/p>\n\n\n\n<p><strong>MADDE 63 \u2013&nbsp;<\/strong>(1) Kiralaman\u0131n yap\u0131labilmesi i\u00e7in;<\/p>\n\n\n\n<p>a) Kiralanacak tesisin tapusunun al\u0131nm\u0131\u015f olmas\u0131,<\/p>\n\n\n\n<p>b) Kat\u0131l\u0131mc\u0131n\u0131n OSB\u2019ye kar\u015f\u0131 vadesi ge\u00e7mi\u015f hi\u00e7bir borcunun bulunmamas\u0131,<\/p>\n\n\n\n<p>c) OSB y\u00f6netim kurulunca, kiralaman\u0131n mevzuat \u00e7er\u00e7evesinde usul ve esaslara uygun oldu\u011funa ili\u015fkin karar al\u0131nmas\u0131,<\/p>\n\n\n\n<p>Gerekmektedir.<\/p>\n\n\n\n<p>(2) Kiralama halinde;<\/p>\n\n\n\n<p>a) Kiralayandan;<\/p>\n\n\n\n<p>1) Yeni tarihli tapu tescil belgesi,<\/p>\n\n\n\n<p>2) T\u00fczel ki\u015filerden s\u00f6z konusu tesisin kiraya verilmesine ili\u015fkin y\u00f6netim kurulu veya ortaklar kurulu karar\u0131,<\/p>\n\n\n\n<p>3) Ticaret sicili tasdiknamesi,<\/p>\n\n\n\n<p>4) Yap\u0131lacak kira s\u00f6zle\u015fmesi \u00f6rne\u011fi,<\/p>\n\n\n\n<p>5) Tesisin sanayi parselinde bulunmas\u0131 halinde, tesisin ba\u011f\u0131ms\u0131z b\u00f6l\u00fcm olu\u015fturmadan bir b\u00fct\u00fcn halinde kiraya verilece\u011fine dair beyan.<\/p>\n\n\n\n<p><strong>b) Kirac\u0131dan;<\/strong><\/p>\n\n\n\n<p>1) Ticaret sicili tasdiknamesi,<\/p>\n\n\n\n<p>2) T\u00fczel ki\u015filerden s\u00f6z konusu tesisin kiralanmas\u0131na ili\u015fkin y\u00f6netim kurulu veya ortaklar kurulu karar\u0131,<\/p>\n\n\n\n<p>3) Yap\u0131lacak faaliyeti a\u00e7\u0131klayan bilgi ve belgeler,<\/p>\n\n\n\n<p>4) OSB taraf\u0131ndan haz\u0131rlanan ve kurulacak tesisin elektrik, su, do\u011fal gaz, \u00e7al\u0131\u015fan say\u0131s\u0131, at\u0131klar\u0131 ve at\u0131k \u00f6zellikleri vs. bilgilerini g\u00f6sterir firma yetkililerince imzal\u0131 bilgi formu,<\/p>\n\n\n\n<p>5) Yap\u0131lacak kira s\u00f6zle\u015fmesi \u00f6rne\u011fi,<\/p>\n\n\n\n<p>6) OSB mevzuat\u0131 ile OSB i\u00e7 talimatname ve s\u00f6zle\u015fmelerine uygun faaliyet g\u00f6sterilece\u011fine dair noter tasdikli taahh\u00fctname,<\/p>\n","protected":false},"excerpt":{"rendered":"<p>Kat\u0131l\u0131mc\u0131n\u0131n tesisini kiralama \u015fartlar\u0131 MADDE 63 \u2013&nbsp;(1) Kiralaman\u0131n yap\u0131labilmesi i\u00e7in; a) Kiralanacak tesisin tapusunun al\u0131nm\u0131\u015f olmas\u0131, b) Kat\u0131l\u0131mc\u0131n\u0131n OSB\u2019ye kar\u015f\u0131 vadesi ge\u00e7mi\u015f hi\u00e7bir borcunun bulunmamas\u0131, c) OSB y\u00f6netim kurulunca, kiralaman\u0131n mevzuat \u00e7er\u00e7evesinde usul ve esaslara uygun oldu\u011funa ili\u015fkin karar al\u0131nmas\u0131, Gerekmektedir. (2) Kiralama halinde; a) Kiralayandan; 1) Yeni tarihli tapu tescil belgesi, 2) T\u00fczel ki\u015filerden [&hellip;]<\/p>\n","protected":false},"author":1,"featured_media":0,"parent":0,"menu_order":0,"comment_status":"closed","ping_status":"closed","template":"","meta":[],"aioseo_notices":[],"_links":{"self":[{"href":"https:\/\/bingolosb.org.tr\/index.php?rest_route=\/wp\/v2\/pages\/397"}],"collection":[{"href":"https:\/\/bingolosb.org.tr\/index.php?rest_route=\/wp\/v2\/pages"}],"about":[{"href":"https:\/\/bingolosb.org.tr\/index.php?rest_route=\/wp\/v2\/types\/page"}],"author":[{"embeddable":true,"href":"https:\/\/bingolosb.org.tr\/index.php?rest_route=\/wp\/v2\/users\/1"}],"replies":[{"embeddable":true,"href":"https:\/\/bingolosb.org.tr\/index.php?rest_route=%2Fwp%2Fv2%2Fcomments&post=397"}],"version-history":[{"count":2,"href":"https:\/\/bingolosb.org.tr\/index.php?rest_route=\/wp\/v2\/pages\/397\/revisions"}],"predecessor-version":[{"id":797,"href":"https:\/\/bingolosb.org.tr\/index.php?rest_route=\/wp\/v2\/pages\/397\/revisions\/797"}],"wp:attachment":[{"href":"https:\/\/bingolosb.org.tr\/index.php?rest_route=%2Fwp%2Fv2%2Fmedia&parent=397"}],"curies":[{"name":"wp","href":"https:\/\/api.w.org\/{rel}","templated":true}]}}