{"id":400,"date":"2023-02-16T00:09:46","date_gmt":"2023-02-15T21:09:46","guid":{"rendered":"https:\/\/bingolosb.org.tr\/wp\/?page_id=400"},"modified":"2023-03-16T14:30:46","modified_gmt":"2023-03-16T11:30:46","slug":"sektorel-dagilim","status":"publish","type":"page","link":"https:\/\/bingolosb.org.tr\/?page_id=400","title":{"rendered":"Sekt\u00f6rel Da\u011f\u0131l\u0131m"},"content":{"rendered":"\n<figure class=\"wp-block-table\"><table><tbody><tr><td>SEKT\u00d6REL DA\u011eILIM<\/td><\/tr><tr><td>GIDA:27<\/td><\/tr><tr><td>METAL:6<\/td><\/tr><tr><td>PLAST\u0130K:3<\/td><\/tr><tr><td>MOB\u0130LYA:5<\/td><\/tr><tr><td>TEKST\u0130L:4<\/td><\/tr><tr><td>GAZ:1<\/td><\/tr><tr><td>K\u0130MYEV\u0130:2<\/td><\/tr><tr><td>\u0130N\u015eAAT:5<\/td><\/tr><tr><td>BO\u015e PARSEL:0<\/td><\/tr><\/tbody><\/table><\/figure>\n","protected":false},"excerpt":{"rendered":"<p>SEKT\u00d6REL DA\u011eILIM GIDA:27 METAL:6 PLAST\u0130K:3 MOB\u0130LYA:5 TEKST\u0130L:4 GAZ:1 K\u0130MYEV\u0130:2 \u0130N\u015eAAT:5 BO\u015e PARSEL:0<\/p>\n","protected":false},"author":1,"featured_media":0,"parent":0,"menu_order":0,"comment_status":"closed","ping_status":"closed","template":"","meta":[],"aioseo_notices":[],"_links":{"self":[{"href":"https:\/\/bingolosb.org.tr\/index.php?rest_route=\/wp\/v2\/pages\/400"}],"collection":[{"href":"https:\/\/bingolosb.org.tr\/index.php?rest_route=\/wp\/v2\/pages"}],"about":[{"href":"https:\/\/bingolosb.org.tr\/index.php?rest_route=\/wp\/v2\/types\/page"}],"author":[{"embeddable":true,"href":"https:\/\/bingolosb.org.tr\/index.php?rest_route=\/wp\/v2\/users\/1"}],"replies":[{"embeddable":true,"href":"https:\/\/bingolosb.org.tr\/index.php?rest_route=%2Fwp%2Fv2%2Fcomments&post=400"}],"version-history":[{"count":2,"href":"https:\/\/bingolosb.org.tr\/index.php?rest_route=\/wp\/v2\/pages\/400\/revisions"}],"predecessor-version":[{"id":798,"href":"https:\/\/bingolosb.org.tr\/index.php?rest_route=\/wp\/v2\/pages\/400\/revisions\/798"}],"wp:attachment":[{"href":"https:\/\/bingolosb.org.tr\/index.php?rest_route=%2Fwp%2Fv2%2Fmedia&parent=400"}],"curies":[{"name":"wp","href":"https:\/\/api.w.org\/{rel}","templated":true}]}}