{"id":412,"date":"2023-02-16T00:15:01","date_gmt":"2023-02-15T21:15:01","guid":{"rendered":"https:\/\/bingolosb.org.tr\/wp\/?page_id=412"},"modified":"2023-03-16T15:11:12","modified_gmt":"2023-03-16T12:11:12","slug":"parsel-tahsis-islemleri","status":"publish","type":"page","link":"https:\/\/bingolosb.org.tr\/?page_id=412","title":{"rendered":"Parsel Tahsis \u0130\u015flemleri"},"content":{"rendered":"\n<p>Bing\u00f6l Organize Sanayi B\u00f6lgesi olarak arsa tahsis i\u015femleri \u00f6ncesinde Ba\u015fvuru formu d\u00fczenlenip M\u00fcd\u00fcrl\u00fc\u011f\u00fcm\u00fcze teslimi yap\u0131l\u0131r teslim edilen formdan sonra Arsa komisyonumuz toplan\u0131p tebli\u011f edilen form \u00fczerinden i\u015ftirak\u00e7\u0131 firma ile g\u00f6r\u00fc\u015f\u00fcl\u00fcp belirlenen kriteller do\u011frultusunda puanlama yap\u0131l\u0131r komisyon taraf\u0131ndan yap\u0131lan puanlar\u0131n toplam\u0131 70 veya \u00fczerinde olmas\u0131 durumunda arsa tahsis i\u015flemi ger\u00e7ekle\u015fir<\/p>\n","protected":false},"excerpt":{"rendered":"<p>Bing\u00f6l Organize Sanayi B\u00f6lgesi olarak arsa tahsis i\u015femleri \u00f6ncesinde Ba\u015fvuru formu d\u00fczenlenip M\u00fcd\u00fcrl\u00fc\u011f\u00fcm\u00fcze teslimi yap\u0131l\u0131r teslim edilen formdan sonra Arsa komisyonumuz toplan\u0131p tebli\u011f edilen form \u00fczerinden i\u015ftirak\u00e7\u0131 firma ile g\u00f6r\u00fc\u015f\u00fcl\u00fcp belirlenen kriteller do\u011frultusunda puanlama yap\u0131l\u0131r komisyon taraf\u0131ndan yap\u0131lan puanlar\u0131n toplam\u0131 70 veya \u00fczerinde olmas\u0131 durumunda arsa tahsis i\u015flemi ger\u00e7ekle\u015fir<\/p>\n","protected":false},"author":1,"featured_media":0,"parent":0,"menu_order":0,"comment_status":"closed","ping_status":"closed","template":"","meta":[],"aioseo_notices":[],"_links":{"self":[{"href":"https:\/\/bingolosb.org.tr\/index.php?rest_route=\/wp\/v2\/pages\/412"}],"collection":[{"href":"https:\/\/bingolosb.org.tr\/index.php?rest_route=\/wp\/v2\/pages"}],"about":[{"href":"https:\/\/bingolosb.org.tr\/index.php?rest_route=\/wp\/v2\/types\/page"}],"author":[{"embeddable":true,"href":"https:\/\/bingolosb.org.tr\/index.php?rest_route=\/wp\/v2\/users\/1"}],"replies":[{"embeddable":true,"href":"https:\/\/bingolosb.org.tr\/index.php?rest_route=%2Fwp%2Fv2%2Fcomments&post=412"}],"version-history":[{"count":2,"href":"https:\/\/bingolosb.org.tr\/index.php?rest_route=\/wp\/v2\/pages\/412\/revisions"}],"predecessor-version":[{"id":818,"href":"https:\/\/bingolosb.org.tr\/index.php?rest_route=\/wp\/v2\/pages\/412\/revisions\/818"}],"wp:attachment":[{"href":"https:\/\/bingolosb.org.tr\/index.php?rest_route=%2Fwp%2Fv2%2Fmedia&parent=412"}],"curies":[{"name":"wp","href":"https:\/\/api.w.org\/{rel}","templated":true}]}}